{"id":1153,"date":"2014-06-27T13:15:10","date_gmt":"2014-06-27T17:15:10","guid":{"rendered":"https:\/\/www.stageiap.uqam.ca\/?page_id=1153"},"modified":"2019-10-16T12:23:51","modified_gmt":"2019-10-16T16:23:51","slug":"accueil-2","status":"publish","type":"page","link":"https:\/\/www.stageiap.uqam.ca\/","title":{"rendered":"Accueil"},"content":{"rendered":"<address>Bienvenue sur le site de stages au Baccalaur\u00e9at en enseignement de l&rsquo;\u00e9ducation physique et \u00e0 la sant\u00e9. Vous y trouverez toute l&rsquo;information n\u00e9cessaire afin de bien r\u00e9pondre aux exigences de chacun de vos stages.<\/address>\n<address>\u00a0<\/address>\n<address><strong>\u00ab\u00a0BON STAGE\u00a0\u00bb<\/strong><\/address>\n<address>\u00a0<\/address>\n<address>\u00a0<\/address>\n<address>Ce site est rendu possible gr\u00e2ce \u00e0 l\u2019obtention d\u2019une subvention du Fonds de d\u00e9veloppement acad\u00e9mique du r\u00e9seau (FODAR) ainsi qu\u2019\u00e0 la collaboration de trois institutions, soit\u00a0 l\u2019Universit\u00e9 du Qu\u00e9bec \u00e0 Chicoutimi (Claude Bordeleau), l\u2019Universit\u00e9 du Qu\u00e9bec \u00e0 Montr\u00e9al (Johanne Grenier et Emilia Kalinova) et\u00a0 l\u2019Universit\u00e9 du Qu\u00e9bec \u00e0 Trois-Rivi\u00e8res (Marie-Claude Rivard).<\/address>\n","protected":false},"excerpt":{"rendered":"<p>Bienvenue sur le site de stages au Baccalaur\u00e9at en enseignement de l&rsquo;\u00e9ducation physique et \u00e0 la sant\u00e9. Vous y trouverez toute l&rsquo;information n\u00e9cessaire afin de bien r\u00e9pondre aux exigences de chacun de vos stages. \u00a0 \u00ab\u00a0BON STAGE\u00a0\u00bb \u00a0 \u00a0 Ce &hellip; <a href=\"https:\/\/www.stageiap.uqam.ca\/\">Continuer la lecture <span class=\"meta-nav\">&rarr;<\/span><\/a><\/p>\n","protected":false},"author":10,"featured_media":0,"parent":0,"menu_order":0,"comment_status":"closed","ping_status":"closed","template":"","meta":{"footnotes":""},"class_list":["post-1153","page","type-page","status-publish","hentry"],"_links":{"self":[{"href":"https:\/\/www.stageiap.uqam.ca\/index.php?rest_route=\/wp\/v2\/pages\/1153","targetHints":{"allow":["GET"]}}],"collection":[{"href":"https:\/\/www.stageiap.uqam.ca\/index.php?rest_route=\/wp\/v2\/pages"}],"about":[{"href":"https:\/\/www.stageiap.uqam.ca\/index.php?rest_route=\/wp\/v2\/types\/page"}],"author":[{"embeddable":true,"href":"https:\/\/www.stageiap.uqam.ca\/index.php?rest_route=\/wp\/v2\/users\/10"}],"replies":[{"embeddable":true,"href":"https:\/\/www.stageiap.uqam.ca\/index.php?rest_route=%2Fwp%2Fv2%2Fcomments&post=1153"}],"version-history":[{"count":4,"href":"https:\/\/www.stageiap.uqam.ca\/index.php?rest_route=\/wp\/v2\/pages\/1153\/revisions"}],"predecessor-version":[{"id":1719,"href":"https:\/\/www.stageiap.uqam.ca\/index.php?rest_route=\/wp\/v2\/pages\/1153\/revisions\/1719"}],"wp:attachment":[{"href":"https:\/\/www.stageiap.uqam.ca\/index.php?rest_route=%2Fwp%2Fv2%2Fmedia&parent=1153"}],"curies":[{"name":"wp","href":"https:\/\/api.w.org\/{rel}","templated":true}]}}